{"id":326264,"date":"2025-05-10T16:37:21","date_gmt":"2025-05-10T14:37:21","guid":{"rendered":"https:\/\/sol-fiscal.com\/politica-de-privadesa\/"},"modified":"2026-02-03T16:42:58","modified_gmt":"2026-02-03T15:42:58","slug":"politica-de-privadesa","status":"publish","type":"page","link":"https:\/\/sol-fiscal.com\/ca\/politica-de-privadesa\/","title":{"rendered":"Pol\u00edtica de privadesa"},"content":{"rendered":"<p>[et_pb_section fb_built=&#8221;1&#8243; _builder_version=&#8221;4.27.4&#8243; _module_preset=&#8221;default&#8221; global_colors_info=&#8221;{}&#8221;][et_pb_row _builder_version=&#8221;4.27.4&#8243; _module_preset=&#8221;default&#8221; global_colors_info=&#8221;{}&#8221;][et_pb_column type=&#8221;4_4&#8243; _builder_version=&#8221;4.27.4&#8243; _module_preset=&#8221;default&#8221; global_colors_info=&#8221;{}&#8221;][et_pb_heading title=&#8221;Pol\u00edtica de privadesa&#8221; _builder_version=&#8221;4.27.4&#8243; _module_preset=&#8221;default&#8221; global_colors_info=&#8221;{}&#8221;][\/et_pb_heading][\/et_pb_column][\/et_pb_row][et_pb_row _builder_version=&#8221;4.27.4&#8243; _module_preset=&#8221;default&#8221; global_colors_info=&#8221;{}&#8221;][et_pb_column type=&#8221;4_4&#8243; _builder_version=&#8221;4.27.4&#8243; _module_preset=&#8221;default&#8221; global_colors_info=&#8221;{}&#8221;][et_pb_text _builder_version=&#8221;4.27.4&#8243; _module_preset=&#8221;default&#8221; global_colors_info=&#8221;{}&#8221;]<\/p>\n<h2 data-start=\"219\" data-end=\"250\" class=\"\">1. Controlador de dades<\/h2>\n<p data-start=\"252\" data-end=\"392\" class=\"\">El responsable del tractament de les dades personals recollides al lloc web <a data-start=\"338\" data-end=\"386\" rel=\"noopener\" target=\"_new\" class=\"\" href=\"https:\/\/www.sol-fiscal.com\">www.sol-fiscal.com <\/a>\u00e9s:<\/p>\n<p data-start=\"394\" data-end=\"593\" class=\"\"><strong data-start=\"394\" data-end=\"411\">MB CONSEIL SL<\/strong><br data-start=\"411\" data-end=\"414\">NRT: L-716030-X<br data-start=\"430\" data-end=\"433\">Adre\u00e7a: Carretera Del Mas de Ribafeta, 8, Edifici la Solana, Escala B, PB 2, AD400 Arinsal, Andorra<br data-start=\"534\" data-end=\"537\">Tel\u00e8fon: +376 603 847<br data-start=\"561\" data-end=\"564\">Correu electr\u00f2nic: <a data-start=\"572\" data-end=\"593\" class=\"cursor-pointer\" rel=\"noopener\">m.bech@sol-fiscal.com<\/a><\/p>\n<h2 data-start=\"595\" data-end=\"619\" class=\"\">2. Dades recollides<\/h2>\n<p data-start=\"621\" data-end=\"706\" class=\"\">Recopilem les seg\u00fcents dades personals quan feu servir el nostre lloc web:<\/p>\n<ul data-start=\"708\" data-end=\"913\">\n<li data-start=\"708\" data-end=\"723\" class=\"\">\n<p data-start=\"710\" data-end=\"723\" class=\"\">Cognom i nom<\/p>\n<\/li>\n<li data-start=\"724\" data-end=\"742\" class=\"\">\n<p data-start=\"726\" data-end=\"742\" class=\"\">Adre\u00e7a de correu electr\u00f2nic<\/p>\n<\/li>\n<li data-start=\"743\" data-end=\"766\" class=\"\">\n<p data-start=\"745\" data-end=\"766\" class=\"\">Num\u00e9ro de t\u00e9l\u00e9phone<\/p>\n<\/li>\n<li data-start=\"767\" data-end=\"828\" class=\"\">\n<p data-start=\"769\" data-end=\"828\" class=\"\">Informaci\u00f3 proporcionada als formularis de contacte<\/p>\n<\/li>\n<li data-start=\"829\" data-end=\"913\" class=\"\">\n<p data-start=\"831\" data-end=\"913\" class=\"\">Dades de navegaci\u00f3 (mitjan\u00e7ant cookies, Google Analytics, Google Tag Manager, HubSpot)<\/p>\n<\/li>\n<\/ul>\n<p>&nbsp;<\/p>\n<h2 data-start=\"915\" data-end=\"944\" class=\"\">3. Finalitats del tractament<\/h2>\n<p data-start=\"946\" data-end=\"1016\" class=\"\">Les dades es recopilen i processen per a les seg\u00fcents finalitats:<\/p>\n<ul data-start=\"1018\" data-end=\"1321\">\n<li data-start=\"1018\" data-end=\"1065\" class=\"\">\n<p data-start=\"1020\" data-end=\"1065\" class=\"\">Resposta a les vostres sol\u00b7licituds a trav\u00e9s dels formularis<\/p>\n<\/li>\n<li data-start=\"1066\" data-end=\"1128\" class=\"\">\n<p data-start=\"1068\" data-end=\"1128\" class=\"\">Gesti\u00f3 de la relaci\u00f3 amb els clients (seguiment, suport, recordatoris)<\/p>\n<\/li>\n<li data-start=\"1129\" data-end=\"1184\" class=\"\">\n<p data-start=\"1131\" data-end=\"1184\" class=\"\">Millorar la navegaci\u00f3 i l&#8217;experi\u00e8ncia de l&#8217;usuari<\/p>\n<\/li>\n<li data-start=\"1185\" data-end=\"1236\" class=\"\">\n<p data-start=\"1187\" data-end=\"1236\" class=\"\">Analitzar l&#8217;audi\u00e8ncia i el rendiment del lloc web<\/p>\n<\/li>\n<li data-start=\"1237\" data-end=\"1321\" class=\"\">\n<p data-start=\"1239\" data-end=\"1321\" class=\"\">Per enviar-vos, si ens doneu el vostre consentiment, comunicacions comercials o informatives<\/p>\n<\/li>\n<\/ul>\n<p>&nbsp;<\/p>\n<h2 data-start=\"1323\" data-end=\"1354\" class=\"\">4. Base jur\u00eddica del tractament<\/h2>\n<p data-start=\"1356\" data-end=\"1397\" class=\"\">Les vostres dades es processen en funci\u00f3 de:<\/p>\n<ul data-start=\"1399\" data-end=\"1650\">\n<li data-start=\"1399\" data-end=\"1473\" class=\"\">\n<p data-start=\"1401\" data-end=\"1473\" class=\"\">El vostre consentiment (formularis, subscripci\u00f3 a butlletins, cookies)<\/p>\n<\/li>\n<li data-start=\"1474\" data-end=\"1550\" class=\"\">\n<p data-start=\"1476\" data-end=\"1550\" class=\"\">L&#8217;inter\u00e8s leg\u00edtim de MB CONSEIL SL (an\u00e0lisi del tr\u00e0nsit, seguretat)<\/p>\n<\/li>\n<li data-start=\"1551\" data-end=\"1650\" class=\"\">\n<p data-start=\"1553\" data-end=\"1650\" class=\"\">L&#8217;execuci\u00f3 de mesures precontractuals o contractuals (si estableixes una relaci\u00f3 amb nosaltres)<\/p>\n<\/li>\n<\/ul>\n<p>&nbsp;<\/p>\n<h2 data-start=\"1652\" data-end=\"1683\" class=\"\">5. Destinataris de les dades<\/h2>\n<p data-start=\"1685\" data-end=\"1941\" class=\"\">Les vostres dades estan destinades exclusivament a MB CONSEIL SL.<br data-start=\"1742\" data-end=\"1745\">Utilitzem prove\u00efdors de serveis d&#8217;allotjament (Hostinger), an\u00e0lisi (Google Analytics) i gesti\u00f3 de relacions amb els clients (HubSpot), tots els quals estan vinculats per acords de confidencialitat.<\/p>\n<h2 data-start=\"1943\" data-end=\"1970\" class=\"\">6. Vida \u00fatil<\/h2>\n<p data-start=\"1972\" data-end=\"2057\" class=\"\">Les vostres dades personals es conserven durant un per\u00edode proporcional a les finalitats per a les quals es recol\u00b7lecten:<\/p>\n<ul data-start=\"2059\" data-end=\"2238\">\n<li data-start=\"2059\" data-end=\"2130\" class=\"\">\n<p data-start=\"2061\" data-end=\"2130\" class=\"\">Dades dels formularis: 3 anys des del darrer contacte<\/p>\n<\/li>\n<li data-start=\"2131\" data-end=\"2172\" class=\"\">\n<p data-start=\"2133\" data-end=\"2172\" class=\"\">Dades anal\u00edtiques: m\u00e0xim 13 mesos<\/p>\n<\/li>\n<li data-start=\"2173\" data-end=\"2238\" class=\"\">\n<p data-start=\"2175\" data-end=\"2238\" class=\"\">Detalls contractuals: durada legal (de 5 a 10 anys segons el cas)<\/p>\n<\/li>\n<\/ul>\n<p>&nbsp;<\/p>\n<h2 data-start=\"2240\" data-end=\"2266\" class=\"\">7. Drets de les persones<\/h2>\n<p data-start=\"2268\" data-end=\"2355\" class=\"\">D&#8217;acord amb la llei andorrana 29\/2021 i el RGPD, teniu els drets seg\u00fcents:<\/p>\n<ul data-start=\"2357\" data-end=\"2669\">\n<li data-start=\"2357\" data-end=\"2388\" class=\"\">\n<p data-start=\"2359\" data-end=\"2388\" class=\"\">Dret d&#8217;acc\u00e9s a les vostres dades<\/p>\n<\/li>\n<li data-start=\"2389\" data-end=\"2431\" class=\"\">\n<p data-start=\"2391\" data-end=\"2431\" class=\"\">Dret de rectificaci\u00f3 o supressi\u00f3<\/p>\n<\/li>\n<li data-start=\"2432\" data-end=\"2485\" class=\"\">\n<p data-start=\"2434\" data-end=\"2485\" class=\"\">Dret a limitar o oposar-se al processament<\/p>\n<\/li>\n<li data-start=\"2486\" data-end=\"2512\" class=\"\">\n<p data-start=\"2488\" data-end=\"2512\" class=\"\">Dret a la portabilitat<\/p>\n<\/li>\n<li data-start=\"2513\" data-end=\"2566\" class=\"\">\n<p data-start=\"2515\" data-end=\"2566\" class=\"\">Dret a retirar el vostre consentiment en qualsevol moment<\/p>\n<\/li>\n<li data-start=\"2567\" data-end=\"2669\" class=\"\">\n<p data-start=\"2569\" data-end=\"2669\" class=\"\">Dret a presentar una reclamaci\u00f3 davant <strong data-start=\"2616\" data-end=\"2662\">l&#8217;Ag\u00e8ncia Andorrana de Protecci\u00f3 de Dades<\/strong> (APDA)<\/p>\n<\/li>\n<\/ul>\n<p data-start=\"2671\" data-end=\"2733\" class=\"\">Per exercir els seus drets, escrigui a: <a data-start=\"2710\" data-end=\"2731\" class=\"cursor-pointer\" rel=\"noopener\"><strong data-start=\"2708\" data-end=\"2733\">m.bech@sol-fiscal.com<\/strong><\/a><\/p>\n<p data-start=\"2671\" data-end=\"2733\" class=\"\"><strong data-start=\"2708\" data-end=\"2733\"><\/strong><\/p>\n<h2 data-start=\"2735\" data-end=\"2748\" class=\"\">8. Galetes<\/h2>\n<p data-start=\"2750\" data-end=\"2966\" class=\"\">Aquest lloc web utilitza cookies amb finalitats t\u00e8cniques, anal\u00edtiques i de m\u00e0rqueting.<br data-start=\"2826\" data-end=\"2829\">A la primera visita apareixer\u00e0 un b\u00e0ner de consentiment. Podeu canviar les vostres prefer\u00e8ncies en qualsevol moment a trav\u00e9s de la configuraci\u00f3 del vostre navegador. <\/p>\n<h2 data-start=\"2968\" data-end=\"2982\" class=\"\">9. Seguretat<\/h2>\n<p data-start=\"2984\" data-end=\"3193\" class=\"\">MB CONSEIL SL es compromet a protegir les vostres dades personals mitjan\u00e7ant la implementaci\u00f3 de mesures t\u00e8cniques i organitzatives adequades per garantir la seva confidencialitat, integritat i disponibilitat.<\/p>\n<h2 data-start=\"3195\" data-end=\"3230\" class=\"\">10. Modificaci\u00f3 de la pol\u00edtica<\/h2>\n<p data-start=\"3232\" data-end=\"3375\" class=\"\">Nous nous r\u00e9servons le droit de modifier cette politique de confidentialit\u00e9 \u00e0 tout moment. La version en vigueur est celle publi\u00e9e sur ce site. <\/p>\n<p>[\/et_pb_text][\/et_pb_column][\/et_pb_row][\/et_pb_section]<\/p>\n","protected":false},"excerpt":{"rendered":"<p>1. Controlador de dades El responsable del tractament de les dades personals recollides al lloc web www.sol-fiscal.com \u00e9s: MB CONSEIL SLNRT: L-716030-XAdre\u00e7a: Carretera Del Mas de Ribafeta, 8, Edifici la Solana, Escala B, PB 2, AD400 Arinsal, AndorraTel\u00e8fon: +376 603 847Correu electr\u00f2nic: m.bech@sol-fiscal.com 2. Dades recollides Recopilem les seg\u00fcents dades personals quan feu servir el [&hellip;]<\/p>\n","protected":false},"author":1,"featured_media":0,"parent":0,"menu_order":0,"comment_status":"closed","ping_status":"closed","template":"","meta":{"_et_pb_use_builder":"on","_et_pb_old_content":"","_et_gb_content_width":"","content-type":"","footnotes":""},"difl_page_category":[],"class_list":["post-326264","page","type-page","status-publish","hentry"],"_links":{"self":[{"href":"https:\/\/sol-fiscal.com\/ca\/wp-json\/wp\/v2\/pages\/326264","targetHints":{"allow":["GET"]}}],"collection":[{"href":"https:\/\/sol-fiscal.com\/ca\/wp-json\/wp\/v2\/pages"}],"about":[{"href":"https:\/\/sol-fiscal.com\/ca\/wp-json\/wp\/v2\/types\/page"}],"author":[{"embeddable":true,"href":"https:\/\/sol-fiscal.com\/ca\/wp-json\/wp\/v2\/users\/1"}],"replies":[{"embeddable":true,"href":"https:\/\/sol-fiscal.com\/ca\/wp-json\/wp\/v2\/comments?post=326264"}],"version-history":[{"count":2,"href":"https:\/\/sol-fiscal.com\/ca\/wp-json\/wp\/v2\/pages\/326264\/revisions"}],"predecessor-version":[{"id":326266,"href":"https:\/\/sol-fiscal.com\/ca\/wp-json\/wp\/v2\/pages\/326264\/revisions\/326266"}],"wp:attachment":[{"href":"https:\/\/sol-fiscal.com\/ca\/wp-json\/wp\/v2\/media?parent=326264"}],"wp:term":[{"taxonomy":"difl_page_category","embeddable":true,"href":"https:\/\/sol-fiscal.com\/ca\/wp-json\/wp\/v2\/difl_page_category?post=326264"}],"curies":[{"name":"wp","href":"https:\/\/api.w.org\/{rel}","templated":true}]}}